{"id":1353,"date":"2025-04-15T08:39:08","date_gmt":"2025-04-15T08:39:08","guid":{"rendered":"https:\/\/baymlerbyg.websnedkerne.dk\/?page_id=1353"},"modified":"2025-05-12T11:42:21","modified_gmt":"2025-05-12T11:42:21","slug":"nybyggeri","status":"publish","type":"page","link":"https:\/\/baymlerbyg.websnedkerne.dk\/index.php\/services\/nybyggeri\/","title":{"rendered":"Nybyggeri"},"content":{"rendered":"\t\t<div data-elementor-type=\"wp-page\" data-elementor-id=\"1353\" class=\"elementor elementor-1353\" data-elementor-post-type=\"page\">\n\t\t\t\t<div class=\"elementor-element elementor-element-30a93aa0 e-con-full e-flex e-con e-parent\" data-id=\"30a93aa0\" data-element_type=\"container\" data-settings=\"{&quot;background_background&quot;:&quot;classic&quot;,&quot;shape_divider_bottom&quot;:&quot;tilt&quot;}\">\n\t\t\t\t<div class=\"elementor-shape elementor-shape-bottom\" data-negative=\"false\">\n\t\t\t<svg xmlns=\"http:\/\/www.w3.org\/2000\/svg\" viewBox=\"0 0 1000 100\" preserveAspectRatio=\"none\">\n\t<path class=\"elementor-shape-fill\" d=\"M0,6V0h1000v100L0,6z\"\/>\n<\/svg>\t\t<\/div>\n\t\t\t\t<div class=\"elementor-element elementor-element-763af7d2 elementor-widget elementor-widget-heading\" data-id=\"763af7d2\" data-element_type=\"widget\" data-widget_type=\"heading.default\">\n\t\t\t\t<div class=\"elementor-widget-container\">\n\t\t\t\t\t<h1 class=\"elementor-heading-title elementor-size-default\">Nybyggeri<\/h1>\t\t\t\t<\/div>\n\t\t\t\t<\/div>\n\t\t\t\t<\/div>\n\t\t<div class=\"elementor-element elementor-element-132293d9 e-flex e-con-boxed e-con e-parent\" data-id=\"132293d9\" data-element_type=\"container\" data-settings=\"{&quot;background_background&quot;:&quot;classic&quot;}\">\n\t\t\t\t\t<div class=\"e-con-inner\">\n\t\t<div class=\"elementor-element elementor-element-927ad43 e-con-full e-flex e-con e-child\" data-id=\"927ad43\" data-element_type=\"container\">\n\t\t\t\t<div class=\"elementor-element elementor-element-7d72b26a elementor-widget elementor-widget-heading\" data-id=\"7d72b26a\" data-element_type=\"widget\" data-widget_type=\"heading.default\">\n\t\t\t\t<div class=\"elementor-widget-container\">\n\t\t\t\t\t<h2 class=\"elementor-heading-title elementor-size-default\">Nybyggeri Aalborg<\/h2>\t\t\t\t<\/div>\n\t\t\t\t<\/div>\n\t\t\t\t<div class=\"elementor-element elementor-element-fe72eda elementor-widget-divider--view-line elementor-widget elementor-widget-divider\" data-id=\"fe72eda\" data-element_type=\"widget\" data-widget_type=\"divider.default\">\n\t\t\t\t<div class=\"elementor-widget-container\">\n\t\t\t\t\t\t\t<div class=\"elementor-divider\">\n\t\t\t<span class=\"elementor-divider-separator\">\n\t\t\t\t\t\t<\/span>\n\t\t<\/div>\n\t\t\t\t\t\t<\/div>\n\t\t\t\t<\/div>\n\t\t\t\t<div class=\"elementor-element elementor-element-252a59c5 elementor-widget__width-initial elementor-widget elementor-widget-text-editor\" data-id=\"252a59c5\" data-element_type=\"widget\" data-widget_type=\"text-editor.default\">\n\t\t\t\t<div class=\"elementor-widget-container\">\n\t\t\t\t\t\t\t\t\t<p class=\"\" data-start=\"1971\" data-end=\"2164\">Dr\u00f8mmer du om at bygge nyt i Aalborg eller Nordjylland? Hos Baymler Byg har vi mange \u00e5rs erfaring med nybyggeri \u2013 b\u00e5de som totalentrepren\u00f8r og samarbejdspartner i individuelle byggeprojekter.<\/p><p class=\"\" data-start=\"2166\" data-end=\"2421\">Vi hj\u00e6lper dig hele vejen \u2013 fra id\u00e9 og tegninger til f\u00e6rdigt hus. Vores tilgang er struktureret, \u00e6rlig og l\u00f8sningsorienteret. Vi lytter til dine behov og \u00f8nsker, og s\u00f8rger for, at du f\u00e5r et hjem, der b\u00e5de er funktionelt, \u00e6stetisk og bygget til at holde.<\/p><p class=\"\" data-start=\"2423\" data-end=\"2617\">Vores lokale kendskab og samarbejde med p\u00e5lidelige leverand\u00f8rer og h\u00e5ndv\u00e6rkere g\u00f8r os til et sikkert valg i Aalborg-omr\u00e5det. Vi bruger kvalitetsmaterialer og leverer godt h\u00e5ndv\u00e6rk \u2013 til tiden.<\/p><p class=\"\" data-start=\"2619\" data-end=\"2725\">Med Baymler Byg som din byggepartner er du sikret en tryg proces og et slutresultat, du kan v\u00e6re stolt af.<\/p>\t\t\t\t\t\t\t\t<\/div>\n\t\t\t\t<\/div>\n\t\t\t\t<div class=\"elementor-element elementor-element-935222f elementor-align-left e-transform elementor-icon-list--layout-traditional elementor-list-item-link-full_width elementor-invisible elementor-widget elementor-widget-icon-list\" data-id=\"935222f\" data-element_type=\"widget\" data-settings=\"{&quot;_animation&quot;:&quot;bounceInRight&quot;,&quot;_transform_translateX_effect_hover&quot;:{&quot;unit&quot;:&quot;px&quot;,&quot;size&quot;:&quot;&quot;,&quot;sizes&quot;:[]},&quot;_transform_translateX_effect_hover_tablet&quot;:{&quot;unit&quot;:&quot;px&quot;,&quot;size&quot;:&quot;&quot;,&quot;sizes&quot;:[]},&quot;_transform_translateX_effect_hover_mobile&quot;:{&quot;unit&quot;:&quot;px&quot;,&quot;size&quot;:&quot;&quot;,&quot;sizes&quot;:[]},&quot;_transform_translateY_effect_hover&quot;:{&quot;unit&quot;:&quot;px&quot;,&quot;size&quot;:&quot;&quot;,&quot;sizes&quot;:[]},&quot;_transform_translateY_effect_hover_tablet&quot;:{&quot;unit&quot;:&quot;px&quot;,&quot;size&quot;:&quot;&quot;,&quot;sizes&quot;:[]},&quot;_transform_translateY_effect_hover_mobile&quot;:{&quot;unit&quot;:&quot;px&quot;,&quot;size&quot;:&quot;&quot;,&quot;sizes&quot;:[]}}\" data-widget_type=\"icon-list.default\">\n\t\t\t\t<div class=\"elementor-widget-container\">\n\t\t\t\t\t\t\t<ul class=\"elementor-icon-list-items\">\n\t\t\t\t\t\t\t<li class=\"elementor-icon-list-item\">\n\t\t\t\t\t\t\t\t\t\t\t<a href=\"https:\/\/baymlerbyg.websnedkerne.dk\/index.php\/kontakt\/\">\n\n\t\t\t\t\t\t\t\t\t\t\t\t<span class=\"elementor-icon-list-icon\">\n\t\t\t\t\t\t\t<svg aria-hidden=\"true\" class=\"e-font-icon-svg e-fas-long-arrow-alt-right\" viewBox=\"0 0 448 512\" xmlns=\"http:\/\/www.w3.org\/2000\/svg\"><path d=\"M313.941 216H12c-6.627 0-12 5.373-12 12v56c0 6.627 5.373 12 12 12h301.941v46.059c0 21.382 25.851 32.09 40.971 16.971l86.059-86.059c9.373-9.373 9.373-24.569 0-33.941l-86.059-86.059c-15.119-15.119-40.971-4.411-40.971 16.971V216z\"><\/path><\/svg>\t\t\t\t\t\t<\/span>\n\t\t\t\t\t\t\t\t\t\t<span class=\"elementor-icon-list-text\">Kontakt os<\/span>\n\t\t\t\t\t\t\t\t\t\t\t<\/a>\n\t\t\t\t\t\t\t\t\t<\/li>\n\t\t\t\t\t\t<\/ul>\n\t\t\t\t\t\t<\/div>\n\t\t\t\t<\/div>\n\t\t\t\t<\/div>\n\t\t<div class=\"elementor-element elementor-element-48170f3 e-con-full elementor-hidden-tablet elementor-hidden-mobile e-flex e-con e-child\" data-id=\"48170f3\" data-element_type=\"container\" data-settings=\"{&quot;background_background&quot;:&quot;classic&quot;}\">\n\t\t\t\t<\/div>\n\t\t\t\t\t<\/div>\n\t\t\t\t<\/div>\n\t\t\t\t<\/div>\n\t\t","protected":false},"excerpt":{"rendered":"<p>Nybyggeri Nybyggeri Aalborg Dr\u00f8mmer du om at bygge nyt i Aalborg eller Nordjylland? Hos Baymler Byg har vi mange \u00e5rs erfaring med nybyggeri \u2013 b\u00e5de som totalentrepren\u00f8r og samarbejdspartner i individuelle byggeprojekter. Vi hj\u00e6lper dig hele vejen \u2013 fra id\u00e9 og tegninger til f\u00e6rdigt hus. Vores tilgang er struktureret, \u00e6rlig og l\u00f8sningsorienteret. Vi lytter til [&hellip;]<\/p>\n","protected":false},"author":1,"featured_media":0,"parent":60,"menu_order":0,"comment_status":"closed","ping_status":"closed","template":"","meta":{"footnotes":""},"class_list":["post-1353","page","type-page","status-publish","hentry"],"_links":{"self":[{"href":"https:\/\/baymlerbyg.websnedkerne.dk\/index.php\/wp-json\/wp\/v2\/pages\/1353","targetHints":{"allow":["GET"]}}],"collection":[{"href":"https:\/\/baymlerbyg.websnedkerne.dk\/index.php\/wp-json\/wp\/v2\/pages"}],"about":[{"href":"https:\/\/baymlerbyg.websnedkerne.dk\/index.php\/wp-json\/wp\/v2\/types\/page"}],"author":[{"embeddable":true,"href":"https:\/\/baymlerbyg.websnedkerne.dk\/index.php\/wp-json\/wp\/v2\/users\/1"}],"replies":[{"embeddable":true,"href":"https:\/\/baymlerbyg.websnedkerne.dk\/index.php\/wp-json\/wp\/v2\/comments?post=1353"}],"version-history":[{"count":22,"href":"https:\/\/baymlerbyg.websnedkerne.dk\/index.php\/wp-json\/wp\/v2\/pages\/1353\/revisions"}],"predecessor-version":[{"id":1663,"href":"https:\/\/baymlerbyg.websnedkerne.dk\/index.php\/wp-json\/wp\/v2\/pages\/1353\/revisions\/1663"}],"up":[{"embeddable":true,"href":"https:\/\/baymlerbyg.websnedkerne.dk\/index.php\/wp-json\/wp\/v2\/pages\/60"}],"wp:attachment":[{"href":"https:\/\/baymlerbyg.websnedkerne.dk\/index.php\/wp-json\/wp\/v2\/media?parent=1353"}],"curies":[{"name":"wp","href":"https:\/\/api.w.org\/{rel}","templated":true}]}}