{"id":1356,"date":"2025-04-15T08:39:29","date_gmt":"2025-04-15T08:39:29","guid":{"rendered":"https:\/\/baymlerbyg.websnedkerne.dk\/?page_id=1356"},"modified":"2025-05-12T11:41:53","modified_gmt":"2025-05-12T11:41:53","slug":"renovering","status":"publish","type":"page","link":"https:\/\/baymlerbyg.websnedkerne.dk\/index.php\/services\/renovering\/","title":{"rendered":"Renovering"},"content":{"rendered":"\t\t<div data-elementor-type=\"wp-page\" data-elementor-id=\"1356\" class=\"elementor elementor-1356\" data-elementor-post-type=\"page\">\n\t\t\t\t<div class=\"elementor-element elementor-element-e922d72 e-con-full e-flex e-con e-parent\" data-id=\"e922d72\" data-element_type=\"container\" data-settings=\"{&quot;background_background&quot;:&quot;classic&quot;,&quot;shape_divider_bottom&quot;:&quot;tilt&quot;}\">\n\t\t\t\t<div class=\"elementor-shape elementor-shape-bottom\" data-negative=\"false\">\n\t\t\t<svg xmlns=\"http:\/\/www.w3.org\/2000\/svg\" viewBox=\"0 0 1000 100\" preserveAspectRatio=\"none\">\n\t<path class=\"elementor-shape-fill\" d=\"M0,6V0h1000v100L0,6z\"\/>\n<\/svg>\t\t<\/div>\n\t\t\t\t<div class=\"elementor-element elementor-element-1687da22 elementor-widget elementor-widget-heading\" data-id=\"1687da22\" data-element_type=\"widget\" data-widget_type=\"heading.default\">\n\t\t\t\t<div class=\"elementor-widget-container\">\n\t\t\t\t\t<h1 class=\"elementor-heading-title elementor-size-default\">Renovering<\/h1>\t\t\t\t<\/div>\n\t\t\t\t<\/div>\n\t\t\t\t<\/div>\n\t\t<div class=\"elementor-element elementor-element-a1e17f8 e-flex e-con-boxed e-con e-parent\" data-id=\"a1e17f8\" data-element_type=\"container\" data-settings=\"{&quot;background_background&quot;:&quot;classic&quot;}\">\n\t\t\t\t\t<div class=\"e-con-inner\">\n\t\t<div class=\"elementor-element elementor-element-77c4c181 e-con-full e-flex e-con e-child\" data-id=\"77c4c181\" data-element_type=\"container\">\n\t\t\t\t<div class=\"elementor-element elementor-element-56f1caba elementor-widget elementor-widget-heading\" data-id=\"56f1caba\" data-element_type=\"widget\" data-widget_type=\"heading.default\">\n\t\t\t\t<div class=\"elementor-widget-container\">\n\t\t\t\t\t<h2 class=\"elementor-heading-title elementor-size-default\">Renoveringsarbejde i Aalborg<\/h2>\t\t\t\t<\/div>\n\t\t\t\t<\/div>\n\t\t\t\t<div class=\"elementor-element elementor-element-2682550f elementor-widget-divider--view-line elementor-widget elementor-widget-divider\" data-id=\"2682550f\" data-element_type=\"widget\" data-widget_type=\"divider.default\">\n\t\t\t\t<div class=\"elementor-widget-container\">\n\t\t\t\t\t\t\t<div class=\"elementor-divider\">\n\t\t\t<span class=\"elementor-divider-separator\">\n\t\t\t\t\t\t<\/span>\n\t\t<\/div>\n\t\t\t\t\t\t<\/div>\n\t\t\t\t<\/div>\n\t\t\t\t<div class=\"elementor-element elementor-element-3180f1e elementor-widget__width-initial elementor-widget elementor-widget-text-editor\" data-id=\"3180f1e\" data-element_type=\"widget\" data-widget_type=\"text-editor.default\">\n\t\t\t\t<div class=\"elementor-widget-container\">\n\t\t\t\t\t\t\t\t\t<p class=\"\" data-start=\"1148\" data-end=\"1362\">Tr\u00e6nger dit hjem til en opfriskning? Hos Baymler Byg er vi specialister i renovering i Aalborg og Nordjylland. Vi hj\u00e6lper b\u00e5de private og erhverv med alt fra mindre moderniseringer til gennemgribende ombygninger.<\/p><p class=\"\" data-start=\"1364\" data-end=\"1556\">Vi l\u00e6gger v\u00e6gt p\u00e5 at bevare husets sj\u00e6l, samtidig med at vi opgraderer funktionalitet og \u00e6stetik. Vores dygtige h\u00e5ndv\u00e6rkere arbejder pr\u00e6cist og med respekt for b\u00e5de materialer og omgivelser.<\/p><p class=\"\" data-start=\"1558\" data-end=\"1802\">Uanset om det handler om renovering af k\u00f8kken, badev\u00e6relse, tag eller hele boligen, sikrer vi et gennemf\u00f8rt resultat med fokus p\u00e5 detaljerne. Vi r\u00e5dgiver dig i valg af l\u00f8sninger, materialer og design \u2013 og st\u00e5r naturligvis for hele udf\u00f8relsen.<\/p><p class=\"\" data-start=\"1804\" data-end=\"1935\">Vi er stolte af vores ry i Aalborg for at levere flot og holdbart renoveringsarbejde \u2013 og vi er klar til at g\u00f8re det samme for dig.<\/p>\t\t\t\t\t\t\t\t<\/div>\n\t\t\t\t<\/div>\n\t\t\t\t<div class=\"elementor-element elementor-element-6324b031 elementor-align-left e-transform elementor-icon-list--layout-traditional elementor-list-item-link-full_width elementor-invisible elementor-widget elementor-widget-icon-list\" data-id=\"6324b031\" data-element_type=\"widget\" data-settings=\"{&quot;_animation&quot;:&quot;bounceInRight&quot;,&quot;_transform_translateX_effect_hover&quot;:{&quot;unit&quot;:&quot;px&quot;,&quot;size&quot;:&quot;&quot;,&quot;sizes&quot;:[]},&quot;_transform_translateX_effect_hover_tablet&quot;:{&quot;unit&quot;:&quot;px&quot;,&quot;size&quot;:&quot;&quot;,&quot;sizes&quot;:[]},&quot;_transform_translateX_effect_hover_mobile&quot;:{&quot;unit&quot;:&quot;px&quot;,&quot;size&quot;:&quot;&quot;,&quot;sizes&quot;:[]},&quot;_transform_translateY_effect_hover&quot;:{&quot;unit&quot;:&quot;px&quot;,&quot;size&quot;:&quot;&quot;,&quot;sizes&quot;:[]},&quot;_transform_translateY_effect_hover_tablet&quot;:{&quot;unit&quot;:&quot;px&quot;,&quot;size&quot;:&quot;&quot;,&quot;sizes&quot;:[]},&quot;_transform_translateY_effect_hover_mobile&quot;:{&quot;unit&quot;:&quot;px&quot;,&quot;size&quot;:&quot;&quot;,&quot;sizes&quot;:[]}}\" data-widget_type=\"icon-list.default\">\n\t\t\t\t<div class=\"elementor-widget-container\">\n\t\t\t\t\t\t\t<ul class=\"elementor-icon-list-items\">\n\t\t\t\t\t\t\t<li class=\"elementor-icon-list-item\">\n\t\t\t\t\t\t\t\t\t\t\t<a href=\"https:\/\/baymlerbyg.websnedkerne.dk\/index.php\/kontakt\/\">\n\n\t\t\t\t\t\t\t\t\t\t\t\t<span class=\"elementor-icon-list-icon\">\n\t\t\t\t\t\t\t<svg aria-hidden=\"true\" class=\"e-font-icon-svg e-fas-long-arrow-alt-right\" viewBox=\"0 0 448 512\" xmlns=\"http:\/\/www.w3.org\/2000\/svg\"><path d=\"M313.941 216H12c-6.627 0-12 5.373-12 12v56c0 6.627 5.373 12 12 12h301.941v46.059c0 21.382 25.851 32.09 40.971 16.971l86.059-86.059c9.373-9.373 9.373-24.569 0-33.941l-86.059-86.059c-15.119-15.119-40.971-4.411-40.971 16.971V216z\"><\/path><\/svg>\t\t\t\t\t\t<\/span>\n\t\t\t\t\t\t\t\t\t\t<span class=\"elementor-icon-list-text\">Kontakt os<\/span>\n\t\t\t\t\t\t\t\t\t\t\t<\/a>\n\t\t\t\t\t\t\t\t\t<\/li>\n\t\t\t\t\t\t<\/ul>\n\t\t\t\t\t\t<\/div>\n\t\t\t\t<\/div>\n\t\t\t\t<\/div>\n\t\t<div class=\"elementor-element elementor-element-7be7f44d e-con-full elementor-hidden-tablet elementor-hidden-mobile e-flex e-con e-child\" data-id=\"7be7f44d\" data-element_type=\"container\" data-settings=\"{&quot;background_background&quot;:&quot;classic&quot;}\">\n\t\t\t\t<\/div>\n\t\t\t\t\t<\/div>\n\t\t\t\t<\/div>\n\t\t\t\t<\/div>\n\t\t","protected":false},"excerpt":{"rendered":"<p>Renovering Renoveringsarbejde i Aalborg Tr\u00e6nger dit hjem til en opfriskning? Hos Baymler Byg er vi specialister i renovering i Aalborg og Nordjylland. Vi hj\u00e6lper b\u00e5de private og erhverv med alt fra mindre moderniseringer til gennemgribende ombygninger. Vi l\u00e6gger v\u00e6gt p\u00e5 at bevare husets sj\u00e6l, samtidig med at vi opgraderer funktionalitet og \u00e6stetik. Vores dygtige h\u00e5ndv\u00e6rkere [&hellip;]<\/p>\n","protected":false},"author":1,"featured_media":0,"parent":60,"menu_order":0,"comment_status":"closed","ping_status":"closed","template":"","meta":{"footnotes":""},"class_list":["post-1356","page","type-page","status-publish","hentry"],"_links":{"self":[{"href":"https:\/\/baymlerbyg.websnedkerne.dk\/index.php\/wp-json\/wp\/v2\/pages\/1356","targetHints":{"allow":["GET"]}}],"collection":[{"href":"https:\/\/baymlerbyg.websnedkerne.dk\/index.php\/wp-json\/wp\/v2\/pages"}],"about":[{"href":"https:\/\/baymlerbyg.websnedkerne.dk\/index.php\/wp-json\/wp\/v2\/types\/page"}],"author":[{"embeddable":true,"href":"https:\/\/baymlerbyg.websnedkerne.dk\/index.php\/wp-json\/wp\/v2\/users\/1"}],"replies":[{"embeddable":true,"href":"https:\/\/baymlerbyg.websnedkerne.dk\/index.php\/wp-json\/wp\/v2\/comments?post=1356"}],"version-history":[{"count":31,"href":"https:\/\/baymlerbyg.websnedkerne.dk\/index.php\/wp-json\/wp\/v2\/pages\/1356\/revisions"}],"predecessor-version":[{"id":1657,"href":"https:\/\/baymlerbyg.websnedkerne.dk\/index.php\/wp-json\/wp\/v2\/pages\/1356\/revisions\/1657"}],"up":[{"embeddable":true,"href":"https:\/\/baymlerbyg.websnedkerne.dk\/index.php\/wp-json\/wp\/v2\/pages\/60"}],"wp:attachment":[{"href":"https:\/\/baymlerbyg.websnedkerne.dk\/index.php\/wp-json\/wp\/v2\/media?parent=1356"}],"curies":[{"name":"wp","href":"https:\/\/api.w.org\/{rel}","templated":true}]}}