{"id":1359,"date":"2025-04-15T08:39:41","date_gmt":"2025-04-15T08:39:41","guid":{"rendered":"https:\/\/baymlerbyg.websnedkerne.dk\/?page_id=1359"},"modified":"2025-05-12T11:42:08","modified_gmt":"2025-05-12T11:42:08","slug":"entreprise","status":"publish","type":"page","link":"https:\/\/baymlerbyg.websnedkerne.dk\/index.php\/services\/entreprise\/","title":{"rendered":"Entreprise"},"content":{"rendered":"\t\t<div data-elementor-type=\"wp-page\" data-elementor-id=\"1359\" class=\"elementor elementor-1359\" data-elementor-post-type=\"page\">\n\t\t\t\t<div class=\"elementor-element elementor-element-6c6c3021 e-con-full e-flex e-con e-parent\" data-id=\"6c6c3021\" data-element_type=\"container\" data-settings=\"{&quot;background_background&quot;:&quot;classic&quot;,&quot;shape_divider_bottom&quot;:&quot;tilt&quot;}\">\n\t\t\t\t<div class=\"elementor-shape elementor-shape-bottom\" data-negative=\"false\">\n\t\t\t<svg xmlns=\"http:\/\/www.w3.org\/2000\/svg\" viewBox=\"0 0 1000 100\" preserveAspectRatio=\"none\">\n\t<path class=\"elementor-shape-fill\" d=\"M0,6V0h1000v100L0,6z\"\/>\n<\/svg>\t\t<\/div>\n\t\t\t\t<div class=\"elementor-element elementor-element-6cc08600 elementor-widget elementor-widget-heading\" data-id=\"6cc08600\" data-element_type=\"widget\" data-widget_type=\"heading.default\">\n\t\t\t\t<div class=\"elementor-widget-container\">\n\t\t\t\t\t<h1 class=\"elementor-heading-title elementor-size-default\">Entreprise<\/h1>\t\t\t\t<\/div>\n\t\t\t\t<\/div>\n\t\t\t\t<\/div>\n\t\t<div class=\"elementor-element elementor-element-270f32db e-flex e-con-boxed e-con e-parent\" data-id=\"270f32db\" data-element_type=\"container\" data-settings=\"{&quot;background_background&quot;:&quot;classic&quot;}\">\n\t\t\t\t\t<div class=\"e-con-inner\">\n\t\t<div class=\"elementor-element elementor-element-4c749b09 e-con-full e-flex e-con e-child\" data-id=\"4c749b09\" data-element_type=\"container\">\n\t\t\t\t<div class=\"elementor-element elementor-element-8730f28 elementor-widget elementor-widget-heading\" data-id=\"8730f28\" data-element_type=\"widget\" data-widget_type=\"heading.default\">\n\t\t\t\t<div class=\"elementor-widget-container\">\n\t\t\t\t\t<h2 class=\"elementor-heading-title elementor-size-default\">Entreprise arbejde i Aalborg<\/h2>\t\t\t\t<\/div>\n\t\t\t\t<\/div>\n\t\t\t\t<div class=\"elementor-element elementor-element-272538d elementor-widget-divider--view-line elementor-widget elementor-widget-divider\" data-id=\"272538d\" data-element_type=\"widget\" data-widget_type=\"divider.default\">\n\t\t\t\t<div class=\"elementor-widget-container\">\n\t\t\t\t\t\t\t<div class=\"elementor-divider\">\n\t\t\t<span class=\"elementor-divider-separator\">\n\t\t\t\t\t\t<\/span>\n\t\t<\/div>\n\t\t\t\t\t\t<\/div>\n\t\t\t\t<\/div>\n\t\t\t\t<div class=\"elementor-element elementor-element-483aa389 elementor-widget__width-initial elementor-widget elementor-widget-text-editor\" data-id=\"483aa389\" data-element_type=\"widget\" data-widget_type=\"text-editor.default\">\n\t\t\t\t<div class=\"elementor-widget-container\">\n\t\t\t\t\t\t\t\t\t<p class=\"\" data-start=\"262\" data-end=\"506\">Hos Baymler Byg ApS tilbyder vi professionelt entreprisearbejde i Aalborg og omegn. Vi er din p\u00e5lidelige samarbejdspartner, n\u00e5r der skal styres st\u00f8rre byggeprojekter sikkert i m\u00e5l \u2013 uanset om du er privatkunde, virksomhed eller boligforening.<\/p><p class=\"\" data-start=\"508\" data-end=\"736\">Vi tager ansvaret for hele processen, fra f\u00f8rste skitse til f\u00e6rdigt byggeri. Med en struktureret tilgang og t\u00e6t koordinering med andre faggrupper sikrer vi, at arbejdet udf\u00f8res til tiden, i h\u00f8j kvalitet og inden for budgettet.<\/p><p class=\"\" data-start=\"738\" data-end=\"1006\">Vores erfaring d\u00e6kker b\u00e5de totalentrepriser og hovedentrepriser, hvor vi st\u00e5r for alt fra planl\u00e6gning og tilladelser til udf\u00f8relse og aflevering. Vi kender Aalborgs byggestandarder og regler, og vi prioriterer altid god kommunikation og gennemsigtighed i alle faser.<\/p><p class=\"\" data-start=\"1008\" data-end=\"1111\">N\u00e5r du v\u00e6lger Baymler Byg til dit entrepriseprojekt, v\u00e6lger du tryghed, ansvar og \u00e6gte faglig stolthed.<\/p>\t\t\t\t\t\t\t\t<\/div>\n\t\t\t\t<\/div>\n\t\t\t\t<div class=\"elementor-element elementor-element-7390c9f8 elementor-align-left e-transform elementor-icon-list--layout-traditional elementor-list-item-link-full_width elementor-invisible elementor-widget elementor-widget-icon-list\" data-id=\"7390c9f8\" data-element_type=\"widget\" data-settings=\"{&quot;_animation&quot;:&quot;bounceInRight&quot;,&quot;_transform_translateX_effect_hover&quot;:{&quot;unit&quot;:&quot;px&quot;,&quot;size&quot;:&quot;&quot;,&quot;sizes&quot;:[]},&quot;_transform_translateX_effect_hover_tablet&quot;:{&quot;unit&quot;:&quot;px&quot;,&quot;size&quot;:&quot;&quot;,&quot;sizes&quot;:[]},&quot;_transform_translateX_effect_hover_mobile&quot;:{&quot;unit&quot;:&quot;px&quot;,&quot;size&quot;:&quot;&quot;,&quot;sizes&quot;:[]},&quot;_transform_translateY_effect_hover&quot;:{&quot;unit&quot;:&quot;px&quot;,&quot;size&quot;:&quot;&quot;,&quot;sizes&quot;:[]},&quot;_transform_translateY_effect_hover_tablet&quot;:{&quot;unit&quot;:&quot;px&quot;,&quot;size&quot;:&quot;&quot;,&quot;sizes&quot;:[]},&quot;_transform_translateY_effect_hover_mobile&quot;:{&quot;unit&quot;:&quot;px&quot;,&quot;size&quot;:&quot;&quot;,&quot;sizes&quot;:[]}}\" data-widget_type=\"icon-list.default\">\n\t\t\t\t<div class=\"elementor-widget-container\">\n\t\t\t\t\t\t\t<ul class=\"elementor-icon-list-items\">\n\t\t\t\t\t\t\t<li class=\"elementor-icon-list-item\">\n\t\t\t\t\t\t\t\t\t\t\t<a href=\"https:\/\/baymlerbyg.websnedkerne.dk\/index.php\/kontakt\/\">\n\n\t\t\t\t\t\t\t\t\t\t\t\t<span class=\"elementor-icon-list-icon\">\n\t\t\t\t\t\t\t<svg aria-hidden=\"true\" class=\"e-font-icon-svg e-fas-long-arrow-alt-right\" viewBox=\"0 0 448 512\" xmlns=\"http:\/\/www.w3.org\/2000\/svg\"><path d=\"M313.941 216H12c-6.627 0-12 5.373-12 12v56c0 6.627 5.373 12 12 12h301.941v46.059c0 21.382 25.851 32.09 40.971 16.971l86.059-86.059c9.373-9.373 9.373-24.569 0-33.941l-86.059-86.059c-15.119-15.119-40.971-4.411-40.971 16.971V216z\"><\/path><\/svg>\t\t\t\t\t\t<\/span>\n\t\t\t\t\t\t\t\t\t\t<span class=\"elementor-icon-list-text\">Kontakt os<\/span>\n\t\t\t\t\t\t\t\t\t\t\t<\/a>\n\t\t\t\t\t\t\t\t\t<\/li>\n\t\t\t\t\t\t<\/ul>\n\t\t\t\t\t\t<\/div>\n\t\t\t\t<\/div>\n\t\t\t\t<\/div>\n\t\t<div class=\"elementor-element elementor-element-508799e3 e-con-full elementor-hidden-tablet elementor-hidden-mobile e-flex e-con e-child\" data-id=\"508799e3\" data-element_type=\"container\" data-settings=\"{&quot;background_background&quot;:&quot;classic&quot;}\">\n\t\t\t\t<\/div>\n\t\t\t\t\t<\/div>\n\t\t\t\t<\/div>\n\t\t\t\t<\/div>\n\t\t","protected":false},"excerpt":{"rendered":"<p>Entreprise Entreprise arbejde i Aalborg Hos Baymler Byg ApS tilbyder vi professionelt entreprisearbejde i Aalborg og omegn. Vi er din p\u00e5lidelige samarbejdspartner, n\u00e5r der skal styres st\u00f8rre byggeprojekter sikkert i m\u00e5l \u2013 uanset om du er privatkunde, virksomhed eller boligforening. Vi tager ansvaret for hele processen, fra f\u00f8rste skitse til f\u00e6rdigt byggeri. Med en struktureret [&hellip;]<\/p>\n","protected":false},"author":1,"featured_media":0,"parent":60,"menu_order":0,"comment_status":"closed","ping_status":"closed","template":"","meta":{"footnotes":""},"class_list":["post-1359","page","type-page","status-publish","hentry"],"_links":{"self":[{"href":"https:\/\/baymlerbyg.websnedkerne.dk\/index.php\/wp-json\/wp\/v2\/pages\/1359","targetHints":{"allow":["GET"]}}],"collection":[{"href":"https:\/\/baymlerbyg.websnedkerne.dk\/index.php\/wp-json\/wp\/v2\/pages"}],"about":[{"href":"https:\/\/baymlerbyg.websnedkerne.dk\/index.php\/wp-json\/wp\/v2\/types\/page"}],"author":[{"embeddable":true,"href":"https:\/\/baymlerbyg.websnedkerne.dk\/index.php\/wp-json\/wp\/v2\/users\/1"}],"replies":[{"embeddable":true,"href":"https:\/\/baymlerbyg.websnedkerne.dk\/index.php\/wp-json\/wp\/v2\/comments?post=1359"}],"version-history":[{"count":19,"href":"https:\/\/baymlerbyg.websnedkerne.dk\/index.php\/wp-json\/wp\/v2\/pages\/1359\/revisions"}],"predecessor-version":[{"id":1660,"href":"https:\/\/baymlerbyg.websnedkerne.dk\/index.php\/wp-json\/wp\/v2\/pages\/1359\/revisions\/1660"}],"up":[{"embeddable":true,"href":"https:\/\/baymlerbyg.websnedkerne.dk\/index.php\/wp-json\/wp\/v2\/pages\/60"}],"wp:attachment":[{"href":"https:\/\/baymlerbyg.websnedkerne.dk\/index.php\/wp-json\/wp\/v2\/media?parent=1359"}],"curies":[{"name":"wp","href":"https:\/\/api.w.org\/{rel}","templated":true}]}}