{"id":66,"date":"2025-03-10T16:23:19","date_gmt":"2025-03-10T16:23:19","guid":{"rendered":"https:\/\/baymlerbyg.websnedkerne.dk\/?page_id=66"},"modified":"2025-05-12T10:41:12","modified_gmt":"2025-05-12T10:41:12","slug":"referencer","status":"publish","type":"page","link":"https:\/\/baymlerbyg.websnedkerne.dk\/index.php\/referencer\/","title":{"rendered":"Referencer"},"content":{"rendered":"\t\t<div data-elementor-type=\"wp-page\" data-elementor-id=\"66\" class=\"elementor elementor-66\" data-elementor-post-type=\"page\">\n\t\t\t\t<div class=\"elementor-element elementor-element-5a751e53 e-con-full e-flex e-con e-parent\" data-id=\"5a751e53\" data-element_type=\"container\" data-settings=\"{&quot;background_background&quot;:&quot;gradient&quot;,&quot;shape_divider_top&quot;:&quot;tilt&quot;}\">\n\t\t\t\t<div class=\"elementor-shape elementor-shape-top\" data-negative=\"false\">\n\t\t\t<svg xmlns=\"http:\/\/www.w3.org\/2000\/svg\" viewBox=\"0 0 1000 100\" preserveAspectRatio=\"none\">\n\t<path class=\"elementor-shape-fill\" d=\"M0,6V0h1000v100L0,6z\"\/>\n<\/svg>\t\t<\/div>\n\t\t<div class=\"elementor-element elementor-element-725c6099 e-con-full e-flex e-con e-child\" data-id=\"725c6099\" data-element_type=\"container\">\n\t\t\t\t<div class=\"elementor-element elementor-element-4800cfe2 elementor-widget elementor-widget-heading\" data-id=\"4800cfe2\" data-element_type=\"widget\" data-widget_type=\"heading.default\">\n\t\t\t\t<div class=\"elementor-widget-container\">\n\t\t\t\t\t<h2 class=\"elementor-heading-title elementor-size-default\">Se et udvalg af vores arbejde<\/h2>\t\t\t\t<\/div>\n\t\t\t\t<\/div>\n\t\t\t\t<div class=\"elementor-element elementor-element-14ac29a9 elementor-widget elementor-widget-gallery\" data-id=\"14ac29a9\" data-element_type=\"widget\" data-settings=\"{&quot;columns&quot;:5,&quot;lazyload&quot;:&quot;yes&quot;,&quot;gallery_layout&quot;:&quot;grid&quot;,&quot;columns_tablet&quot;:2,&quot;columns_mobile&quot;:1,&quot;gap&quot;:{&quot;unit&quot;:&quot;px&quot;,&quot;size&quot;:10,&quot;sizes&quot;:[]},&quot;gap_tablet&quot;:{&quot;unit&quot;:&quot;px&quot;,&quot;size&quot;:10,&quot;sizes&quot;:[]},&quot;gap_mobile&quot;:{&quot;unit&quot;:&quot;px&quot;,&quot;size&quot;:10,&quot;sizes&quot;:[]},&quot;link_to&quot;:&quot;file&quot;,&quot;aspect_ratio&quot;:&quot;3:2&quot;,&quot;overlay_background&quot;:&quot;yes&quot;,&quot;content_hover_animation&quot;:&quot;fade-in&quot;}\" data-widget_type=\"gallery.default\">\n\t\t\t\t<div class=\"elementor-widget-container\">\n\t\t\t\t\t\t\t<div class=\"elementor-gallery__container\">\n\t\t\t\t\t\t\t<a class=\"e-gallery-item elementor-gallery-item elementor-animated-content\" href=\"https:\/\/baymlerbyg.websnedkerne.dk\/wp-content\/uploads\/2025\/03\/Terasse-hvidt-hus.jpg\" data-elementor-open-lightbox=\"yes\" data-elementor-lightbox-slideshow=\"14ac29a9\" data-elementor-lightbox-title=\"Terasse hvidt hus\" data-e-action-hash=\"#elementor-action%3Aaction%3Dlightbox%26settings%3DeyJpZCI6NTg0LCJ1cmwiOiJodHRwczpcL1wvYmF5bWxlcmJ5Zy53ZWJzbmVka2VybmUuZGtcL3dwLWNvbnRlbnRcL3VwbG9hZHNcLzIwMjVcLzAzXC9UZXJhc3NlLWh2aWR0LWh1cy5qcGciLCJzbGlkZXNob3ciOiIxNGFjMjlhOSJ9\">\n\t\t\t\t\t<div class=\"e-gallery-image elementor-gallery-item__image\" data-thumbnail=\"https:\/\/baymlerbyg.websnedkerne.dk\/wp-content\/uploads\/2025\/03\/Terasse-hvidt-hus.jpg\" data-width=\"768\" data-height=\"1024\" aria-label=\"\" role=\"img\" ><\/div>\n\t\t\t\t\t\t\t\t\t\t\t<div class=\"elementor-gallery-item__overlay\"><\/div>\n\t\t\t\t\t\t\t\t\t\t\t\t\t\t<\/a>\n\t\t\t\t\t\t\t<a class=\"e-gallery-item elementor-gallery-item elementor-animated-content\" href=\"https:\/\/baymlerbyg.websnedkerne.dk\/wp-content\/uploads\/2025\/03\/474233301_122160339506282514_7593777988119335451_n.jpg\" data-elementor-open-lightbox=\"yes\" data-elementor-lightbox-slideshow=\"14ac29a9\" data-elementor-lightbox-title=\"474233301_122160339506282514_7593777988119335451_n\" data-e-action-hash=\"#elementor-action%3Aaction%3Dlightbox%26settings%3DeyJpZCI6ODEsInVybCI6Imh0dHBzOlwvXC9iYXltbGVyYnlnLndlYnNuZWRrZXJuZS5ka1wvd3AtY29udGVudFwvdXBsb2Fkc1wvMjAyNVwvMDNcLzQ3NDIzMzMwMV8xMjIxNjAzMzk1MDYyODI1MTRfNzU5Mzc3Nzk4ODExOTMzNTQ1MV9uLmpwZyIsInNsaWRlc2hvdyI6IjE0YWMyOWE5In0%3D\">\n\t\t\t\t\t<div class=\"e-gallery-image elementor-gallery-item__image\" data-thumbnail=\"https:\/\/baymlerbyg.websnedkerne.dk\/wp-content\/uploads\/2025\/03\/474233301_122160339506282514_7593777988119335451_n.jpg\" data-width=\"768\" data-height=\"1024\" aria-label=\"\" role=\"img\" ><\/div>\n\t\t\t\t\t\t\t\t\t\t\t<div class=\"elementor-gallery-item__overlay\"><\/div>\n\t\t\t\t\t\t\t\t\t\t\t\t\t\t<\/a>\n\t\t\t\t\t\t\t<a class=\"e-gallery-item elementor-gallery-item elementor-animated-content\" href=\"https:\/\/baymlerbyg.websnedkerne.dk\/wp-content\/uploads\/2025\/03\/Trae-tilbygning-1.jpg\" data-elementor-open-lightbox=\"yes\" data-elementor-lightbox-slideshow=\"14ac29a9\" data-elementor-lightbox-title=\"Tr\u00e6 tilbygning\" data-e-action-hash=\"#elementor-action%3Aaction%3Dlightbox%26settings%3DeyJpZCI6NTg2LCJ1cmwiOiJodHRwczpcL1wvYmF5bWxlcmJ5Zy53ZWJzbmVka2VybmUuZGtcL3dwLWNvbnRlbnRcL3VwbG9hZHNcLzIwMjVcLzAzXC9UcmFlLXRpbGJ5Z25pbmctMS5qcGciLCJzbGlkZXNob3ciOiIxNGFjMjlhOSJ9\">\n\t\t\t\t\t<div class=\"e-gallery-image elementor-gallery-item__image\" data-thumbnail=\"https:\/\/baymlerbyg.websnedkerne.dk\/wp-content\/uploads\/2025\/03\/Trae-tilbygning-1.jpg\" data-width=\"768\" data-height=\"1024\" aria-label=\"\" role=\"img\" ><\/div>\n\t\t\t\t\t\t\t\t\t\t\t<div class=\"elementor-gallery-item__overlay\"><\/div>\n\t\t\t\t\t\t\t\t\t\t\t\t\t\t<\/a>\n\t\t\t\t\t\t\t<a class=\"e-gallery-item elementor-gallery-item elementor-animated-content\" href=\"https:\/\/baymlerbyg.websnedkerne.dk\/wp-content\/uploads\/2025\/03\/O.jpg\" data-elementor-open-lightbox=\"yes\" data-elementor-lightbox-slideshow=\"14ac29a9\" data-elementor-lightbox-title=\"\u00d8\" data-e-action-hash=\"#elementor-action%3Aaction%3Dlightbox%26settings%3DeyJpZCI6NTg3LCJ1cmwiOiJodHRwczpcL1wvYmF5bWxlcmJ5Zy53ZWJzbmVka2VybmUuZGtcL3dwLWNvbnRlbnRcL3VwbG9hZHNcLzIwMjVcLzAzXC9PLmpwZyIsInNsaWRlc2hvdyI6IjE0YWMyOWE5In0%3D\">\n\t\t\t\t\t<div class=\"e-gallery-image elementor-gallery-item__image\" data-thumbnail=\"https:\/\/baymlerbyg.websnedkerne.dk\/wp-content\/uploads\/2025\/03\/O.jpg\" data-width=\"768\" data-height=\"1024\" aria-label=\"\" role=\"img\" ><\/div>\n\t\t\t\t\t\t\t\t\t\t\t<div class=\"elementor-gallery-item__overlay\"><\/div>\n\t\t\t\t\t\t\t\t\t\t\t\t\t\t<\/a>\n\t\t\t\t\t\t\t<a class=\"e-gallery-item elementor-gallery-item elementor-animated-content\" href=\"https:\/\/baymlerbyg.websnedkerne.dk\/wp-content\/uploads\/2025\/03\/Badevaerelse.jpg\" data-elementor-open-lightbox=\"yes\" data-elementor-lightbox-slideshow=\"14ac29a9\" data-elementor-lightbox-title=\"Badev\u00e6relse\" data-e-action-hash=\"#elementor-action%3Aaction%3Dlightbox%26settings%3DeyJpZCI6NTc5LCJ1cmwiOiJodHRwczpcL1wvYmF5bWxlcmJ5Zy53ZWJzbmVka2VybmUuZGtcL3dwLWNvbnRlbnRcL3VwbG9hZHNcLzIwMjVcLzAzXC9CYWRldmFlcmVsc2UuanBnIiwic2xpZGVzaG93IjoiMTRhYzI5YTkifQ%3D%3D\">\n\t\t\t\t\t<div class=\"e-gallery-image elementor-gallery-item__image\" data-thumbnail=\"https:\/\/baymlerbyg.websnedkerne.dk\/wp-content\/uploads\/2025\/03\/Badevaerelse.jpg\" data-width=\"768\" data-height=\"1024\" aria-label=\"\" role=\"img\" ><\/div>\n\t\t\t\t\t\t\t\t\t\t\t<div class=\"elementor-gallery-item__overlay\"><\/div>\n\t\t\t\t\t\t\t\t\t\t\t\t\t\t<\/a>\n\t\t\t\t\t\t\t<a class=\"e-gallery-item elementor-gallery-item elementor-animated-content\" href=\"https:\/\/baymlerbyg.websnedkerne.dk\/wp-content\/uploads\/2025\/03\/Terasse.jpg\" data-elementor-open-lightbox=\"yes\" data-elementor-lightbox-slideshow=\"14ac29a9\" data-elementor-lightbox-title=\"Terasse\" data-e-action-hash=\"#elementor-action%3Aaction%3Dlightbox%26settings%3DeyJpZCI6NTg1LCJ1cmwiOiJodHRwczpcL1wvYmF5bWxlcmJ5Zy53ZWJzbmVka2VybmUuZGtcL3dwLWNvbnRlbnRcL3VwbG9hZHNcLzIwMjVcLzAzXC9UZXJhc3NlLmpwZyIsInNsaWRlc2hvdyI6IjE0YWMyOWE5In0%3D\">\n\t\t\t\t\t<div class=\"e-gallery-image elementor-gallery-item__image\" data-thumbnail=\"https:\/\/baymlerbyg.websnedkerne.dk\/wp-content\/uploads\/2025\/03\/Terasse.jpg\" data-width=\"1024\" data-height=\"768\" aria-label=\"\" role=\"img\" ><\/div>\n\t\t\t\t\t\t\t\t\t\t\t<div class=\"elementor-gallery-item__overlay\"><\/div>\n\t\t\t\t\t\t\t\t\t\t\t\t\t\t<\/a>\n\t\t\t\t\t\t\t<a class=\"e-gallery-item elementor-gallery-item elementor-animated-content\" href=\"https:\/\/baymlerbyg.websnedkerne.dk\/wp-content\/uploads\/2025\/03\/Tag.jpg\" data-elementor-open-lightbox=\"yes\" data-elementor-lightbox-slideshow=\"14ac29a9\" data-elementor-lightbox-title=\"Tag\" data-e-action-hash=\"#elementor-action%3Aaction%3Dlightbox%26settings%3DeyJpZCI6NTgzLCJ1cmwiOiJodHRwczpcL1wvYmF5bWxlcmJ5Zy53ZWJzbmVka2VybmUuZGtcL3dwLWNvbnRlbnRcL3VwbG9hZHNcLzIwMjVcLzAzXC9UYWcuanBnIiwic2xpZGVzaG93IjoiMTRhYzI5YTkifQ%3D%3D\">\n\t\t\t\t\t<div class=\"e-gallery-image elementor-gallery-item__image\" data-thumbnail=\"https:\/\/baymlerbyg.websnedkerne.dk\/wp-content\/uploads\/2025\/03\/Tag.jpg\" data-width=\"768\" data-height=\"1024\" aria-label=\"\" role=\"img\" ><\/div>\n\t\t\t\t\t\t\t\t\t\t\t<div class=\"elementor-gallery-item__overlay\"><\/div>\n\t\t\t\t\t\t\t\t\t\t\t\t\t\t<\/a>\n\t\t\t\t\t\t\t<a class=\"e-gallery-item elementor-gallery-item elementor-animated-content\" href=\"https:\/\/baymlerbyg.websnedkerne.dk\/wp-content\/uploads\/2025\/03\/Renovering-baymlerbyg.jpg\" data-elementor-open-lightbox=\"yes\" data-elementor-lightbox-slideshow=\"14ac29a9\" data-elementor-lightbox-title=\"Renovering baymlerbyg\" data-e-action-hash=\"#elementor-action%3Aaction%3Dlightbox%26settings%3DeyJpZCI6NTgyLCJ1cmwiOiJodHRwczpcL1wvYmF5bWxlcmJ5Zy53ZWJzbmVka2VybmUuZGtcL3dwLWNvbnRlbnRcL3VwbG9hZHNcLzIwMjVcLzAzXC9SZW5vdmVyaW5nLWJheW1sZXJieWcuanBnIiwic2xpZGVzaG93IjoiMTRhYzI5YTkifQ%3D%3D\">\n\t\t\t\t\t<div class=\"e-gallery-image elementor-gallery-item__image\" data-thumbnail=\"https:\/\/baymlerbyg.websnedkerne.dk\/wp-content\/uploads\/2025\/03\/Renovering-baymlerbyg.jpg\" data-width=\"768\" data-height=\"1024\" aria-label=\"\" role=\"img\" ><\/div>\n\t\t\t\t\t\t\t\t\t\t\t<div class=\"elementor-gallery-item__overlay\"><\/div>\n\t\t\t\t\t\t\t\t\t\t\t\t\t\t<\/a>\n\t\t\t\t\t\t\t<a class=\"e-gallery-item elementor-gallery-item elementor-animated-content\" href=\"https:\/\/baymlerbyg.websnedkerne.dk\/wp-content\/uploads\/2025\/03\/Hus-og-kokkenrenovering.jpg\" data-elementor-open-lightbox=\"yes\" data-elementor-lightbox-slideshow=\"14ac29a9\" data-elementor-lightbox-title=\"Hus og k\u00f8kkenrenovering\" data-e-action-hash=\"#elementor-action%3Aaction%3Dlightbox%26settings%3DeyJpZCI6NTgxLCJ1cmwiOiJodHRwczpcL1wvYmF5bWxlcmJ5Zy53ZWJzbmVka2VybmUuZGtcL3dwLWNvbnRlbnRcL3VwbG9hZHNcLzIwMjVcLzAzXC9IdXMtb2cta29ra2VucmVub3ZlcmluZy5qcGciLCJzbGlkZXNob3ciOiIxNGFjMjlhOSJ9\">\n\t\t\t\t\t<div class=\"e-gallery-image elementor-gallery-item__image\" data-thumbnail=\"https:\/\/baymlerbyg.websnedkerne.dk\/wp-content\/uploads\/2025\/03\/Hus-og-kokkenrenovering.jpg\" data-width=\"768\" data-height=\"1024\" aria-label=\"\" role=\"img\" ><\/div>\n\t\t\t\t\t\t\t\t\t\t\t<div class=\"elementor-gallery-item__overlay\"><\/div>\n\t\t\t\t\t\t\t\t\t\t\t\t\t\t<\/a>\n\t\t\t\t\t\t\t<a class=\"e-gallery-item elementor-gallery-item elementor-animated-content\" href=\"https:\/\/baymlerbyg.websnedkerne.dk\/wp-content\/uploads\/2025\/03\/Gang-renovering.jpg\" data-elementor-open-lightbox=\"yes\" data-elementor-lightbox-slideshow=\"14ac29a9\" data-elementor-lightbox-title=\"Gang renovering\" data-e-action-hash=\"#elementor-action%3Aaction%3Dlightbox%26settings%3DeyJpZCI6NTgwLCJ1cmwiOiJodHRwczpcL1wvYmF5bWxlcmJ5Zy53ZWJzbmVka2VybmUuZGtcL3dwLWNvbnRlbnRcL3VwbG9hZHNcLzIwMjVcLzAzXC9HYW5nLXJlbm92ZXJpbmcuanBnIiwic2xpZGVzaG93IjoiMTRhYzI5YTkifQ%3D%3D\">\n\t\t\t\t\t<div class=\"e-gallery-image elementor-gallery-item__image\" data-thumbnail=\"https:\/\/baymlerbyg.websnedkerne.dk\/wp-content\/uploads\/2025\/03\/Gang-renovering.jpg\" data-width=\"768\" data-height=\"1024\" aria-label=\"\" role=\"img\" ><\/div>\n\t\t\t\t\t\t\t\t\t\t\t<div class=\"elementor-gallery-item__overlay\"><\/div>\n\t\t\t\t\t\t\t\t\t\t\t\t\t\t<\/a>\n\t\t\t\t\t<\/div>\n\t\t\t\t\t<\/div>\n\t\t\t\t<\/div>\n\t\t\t\t<div class=\"elementor-element elementor-element-22d183ec elementor-align-center e-transform elementor-icon-list--layout-traditional elementor-list-item-link-full_width elementor-invisible elementor-widget elementor-widget-icon-list\" data-id=\"22d183ec\" data-element_type=\"widget\" data-settings=\"{&quot;_animation&quot;:&quot;bounceInRight&quot;,&quot;_transform_translateX_effect_hover&quot;:{&quot;unit&quot;:&quot;px&quot;,&quot;size&quot;:&quot;&quot;,&quot;sizes&quot;:[]},&quot;_transform_translateX_effect_hover_tablet&quot;:{&quot;unit&quot;:&quot;px&quot;,&quot;size&quot;:&quot;&quot;,&quot;sizes&quot;:[]},&quot;_transform_translateX_effect_hover_mobile&quot;:{&quot;unit&quot;:&quot;px&quot;,&quot;size&quot;:&quot;&quot;,&quot;sizes&quot;:[]},&quot;_transform_translateY_effect_hover&quot;:{&quot;unit&quot;:&quot;px&quot;,&quot;size&quot;:&quot;&quot;,&quot;sizes&quot;:[]},&quot;_transform_translateY_effect_hover_tablet&quot;:{&quot;unit&quot;:&quot;px&quot;,&quot;size&quot;:&quot;&quot;,&quot;sizes&quot;:[]},&quot;_transform_translateY_effect_hover_mobile&quot;:{&quot;unit&quot;:&quot;px&quot;,&quot;size&quot;:&quot;&quot;,&quot;sizes&quot;:[]}}\" data-widget_type=\"icon-list.default\">\n\t\t\t\t<div class=\"elementor-widget-container\">\n\t\t\t\t\t\t\t<ul class=\"elementor-icon-list-items\">\n\t\t\t\t\t\t\t<li class=\"elementor-icon-list-item\">\n\t\t\t\t\t\t\t\t\t\t\t<a href=\"https:\/\/baymlerbyg.websnedkerne.dk\/\">\n\n\t\t\t\t\t\t\t\t\t\t\t\t<span class=\"elementor-icon-list-icon\">\n\t\t\t\t\t\t\t<svg aria-hidden=\"true\" class=\"e-font-icon-svg e-fas-long-arrow-alt-right\" viewBox=\"0 0 448 512\" xmlns=\"http:\/\/www.w3.org\/2000\/svg\"><path d=\"M313.941 216H12c-6.627 0-12 5.373-12 12v56c0 6.627 5.373 12 12 12h301.941v46.059c0 21.382 25.851 32.09 40.971 16.971l86.059-86.059c9.373-9.373 9.373-24.569 0-33.941l-86.059-86.059c-15.119-15.119-40.971-4.411-40.971 16.971V216z\"><\/path><\/svg>\t\t\t\t\t\t<\/span>\n\t\t\t\t\t\t\t\t\t\t<span class=\"elementor-icon-list-text\">Kontakt os<\/span>\n\t\t\t\t\t\t\t\t\t\t\t<\/a>\n\t\t\t\t\t\t\t\t\t<\/li>\n\t\t\t\t\t\t<\/ul>\n\t\t\t\t\t\t<\/div>\n\t\t\t\t<\/div>\n\t\t\t\t<\/div>\n\t\t\t\t<\/div>\n\t\t<div class=\"elementor-element elementor-element-4fa042b e-con-full e-flex e-con e-parent\" data-id=\"4fa042b\" data-element_type=\"container\" data-settings=\"{&quot;background_background&quot;:&quot;classic&quot;}\">\n\t\t\t\t<div class=\"elementor-element elementor-element-7ddd13cb elementor-widget elementor-widget-heading\" data-id=\"7ddd13cb\" data-element_type=\"widget\" data-widget_type=\"heading.default\">\n\t\t\t\t<div class=\"elementor-widget-container\">\n\t\t\t\t\t<h2 class=\"elementor-heading-title elementor-size-default\">Vi laver alt inden for t\u00f8mrerfaget<\/h2>\t\t\t\t<\/div>\n\t\t\t\t<\/div>\n\t\t\t\t<div class=\"elementor-element elementor-element-348597e2 elementor-widget__width-initial elementor-widget elementor-widget-text-editor\" data-id=\"348597e2\" data-element_type=\"widget\" data-widget_type=\"text-editor.default\">\n\t\t\t\t<div class=\"elementor-widget-container\">\n\t\t\t\t\t\t\t\t\t<p>Hos Baymler Byg st\u00e5r vi klar til at hj\u00e6lpe dig med alt inden for t\u00f8mrerarbejde \u2013 uanset om du skal have bygget nyt, renoveret eller blot have l\u00f8st en mindre opgave. Vi kombinerer solidt h\u00e5ndv\u00e6rk med kvalitetsmaterialer for at sikre langtidsholdbare l\u00f8sninger, der matcher dine \u00f8nsker og behov.<\/p>\t\t\t\t\t\t\t\t<\/div>\n\t\t\t\t<\/div>\n\t\t<div class=\"elementor-element elementor-element-86259ae e-con-full e-flex e-con e-child\" data-id=\"86259ae\" data-element_type=\"container\">\n\t\t<div class=\"elementor-element elementor-element-63cfcc6 e-grid e-con-full e-con e-child\" data-id=\"63cfcc6\" data-element_type=\"container\">\n\t\t<div class=\"elementor-element elementor-element-f01bc8c e-flex e-con-boxed e-con e-child\" data-id=\"f01bc8c\" data-element_type=\"container\" data-settings=\"{&quot;background_background&quot;:&quot;classic&quot;}\">\n\t\t\t\t\t<div class=\"e-con-inner\">\n\t\t\t\t<div class=\"elementor-element elementor-element-cb02a8b elementor-widget elementor-widget-image\" data-id=\"cb02a8b\" data-element_type=\"widget\" data-widget_type=\"image.default\">\n\t\t\t\t<div class=\"elementor-widget-container\">\n\t\t\t\t\t\t\t\t\t\t\t\t\t\t\t\t<a href=\"https:\/\/baymlerbyg.websnedkerne.dk\/index.php\/services\/nybyggeri\/\">\n\t\t\t\t\t\t\t<img fetchpriority=\"high\" decoding=\"async\" width=\"473\" height=\"350\" src=\"https:\/\/baymlerbyg.websnedkerne.dk\/wp-content\/uploads\/2025\/03\/cropped-Baymerbyg-logo.png\" class=\"elementor-animation-grow attachment-large size-large wp-image-31\" alt=\"Logo\" srcset=\"https:\/\/baymlerbyg.websnedkerne.dk\/wp-content\/uploads\/2025\/03\/cropped-Baymerbyg-logo.png 473w, https:\/\/baymlerbyg.websnedkerne.dk\/wp-content\/uploads\/2025\/03\/cropped-Baymerbyg-logo-300x222.png 300w\" sizes=\"(max-width: 473px) 100vw, 473px\" \/>\t\t\t\t\t\t\t\t<\/a>\n\t\t\t\t\t\t\t\t\t\t\t\t\t\t\t<\/div>\n\t\t\t\t<\/div>\n\t\t\t\t<div class=\"elementor-element elementor-element-4836e2e elementor-widget elementor-widget-text-editor\" data-id=\"4836e2e\" data-element_type=\"widget\" data-widget_type=\"text-editor.default\">\n\t\t\t\t<div class=\"elementor-widget-container\">\n\t\t\t\t\t\t\t\t\t<p>Nybyggeri<\/p>\t\t\t\t\t\t\t\t<\/div>\n\t\t\t\t<\/div>\n\t\t\t\t\t<\/div>\n\t\t\t\t<\/div>\n\t\t<div class=\"elementor-element elementor-element-c8065a9 e-flex e-con-boxed e-con e-child\" data-id=\"c8065a9\" data-element_type=\"container\" data-settings=\"{&quot;background_background&quot;:&quot;classic&quot;}\">\n\t\t\t\t\t<div class=\"e-con-inner\">\n\t\t\t\t<div class=\"elementor-element elementor-element-793cebf elementor-widget elementor-widget-image\" data-id=\"793cebf\" data-element_type=\"widget\" data-widget_type=\"image.default\">\n\t\t\t\t<div class=\"elementor-widget-container\">\n\t\t\t\t\t\t\t\t\t\t\t\t\t\t\t\t<a href=\"https:\/\/baymlerbyg.websnedkerne.dk\/index.php\/services\/renovering\/\">\n\t\t\t\t\t\t\t<img fetchpriority=\"high\" decoding=\"async\" width=\"473\" height=\"350\" src=\"https:\/\/baymlerbyg.websnedkerne.dk\/wp-content\/uploads\/2025\/03\/cropped-Baymerbyg-logo.png\" class=\"elementor-animation-grow attachment-large size-large wp-image-31\" alt=\"Logo\" srcset=\"https:\/\/baymlerbyg.websnedkerne.dk\/wp-content\/uploads\/2025\/03\/cropped-Baymerbyg-logo.png 473w, https:\/\/baymlerbyg.websnedkerne.dk\/wp-content\/uploads\/2025\/03\/cropped-Baymerbyg-logo-300x222.png 300w\" sizes=\"(max-width: 473px) 100vw, 473px\" \/>\t\t\t\t\t\t\t\t<\/a>\n\t\t\t\t\t\t\t\t\t\t\t\t\t\t\t<\/div>\n\t\t\t\t<\/div>\n\t\t\t\t<div class=\"elementor-element elementor-element-65b14fa elementor-widget elementor-widget-text-editor\" data-id=\"65b14fa\" data-element_type=\"widget\" data-widget_type=\"text-editor.default\">\n\t\t\t\t<div class=\"elementor-widget-container\">\n\t\t\t\t\t\t\t\t\t<p>Renovering<\/p>\t\t\t\t\t\t\t\t<\/div>\n\t\t\t\t<\/div>\n\t\t\t\t\t<\/div>\n\t\t\t\t<\/div>\n\t\t<div class=\"elementor-element elementor-element-8187b73 e-flex e-con-boxed e-con e-child\" data-id=\"8187b73\" data-element_type=\"container\" data-settings=\"{&quot;background_background&quot;:&quot;classic&quot;}\">\n\t\t\t\t\t<div class=\"e-con-inner\">\n\t\t\t\t<div class=\"elementor-element elementor-element-7f04ed3 elementor-widget elementor-widget-image\" data-id=\"7f04ed3\" data-element_type=\"widget\" data-widget_type=\"image.default\">\n\t\t\t\t<div class=\"elementor-widget-container\">\n\t\t\t\t\t\t\t\t\t\t\t\t\t\t\t\t<a href=\"https:\/\/baymlerbyg.websnedkerne.dk\/index.php\/services\/entreprise\/\">\n\t\t\t\t\t\t\t<img fetchpriority=\"high\" decoding=\"async\" width=\"473\" height=\"350\" src=\"https:\/\/baymlerbyg.websnedkerne.dk\/wp-content\/uploads\/2025\/03\/cropped-Baymerbyg-logo.png\" class=\"elementor-animation-grow attachment-large size-large wp-image-31\" alt=\"Logo\" srcset=\"https:\/\/baymlerbyg.websnedkerne.dk\/wp-content\/uploads\/2025\/03\/cropped-Baymerbyg-logo.png 473w, https:\/\/baymlerbyg.websnedkerne.dk\/wp-content\/uploads\/2025\/03\/cropped-Baymerbyg-logo-300x222.png 300w\" sizes=\"(max-width: 473px) 100vw, 473px\" \/>\t\t\t\t\t\t\t\t<\/a>\n\t\t\t\t\t\t\t\t\t\t\t\t\t\t\t<\/div>\n\t\t\t\t<\/div>\n\t\t\t\t<div class=\"elementor-element elementor-element-90e896d elementor-widget elementor-widget-text-editor\" data-id=\"90e896d\" data-element_type=\"widget\" data-widget_type=\"text-editor.default\">\n\t\t\t\t<div class=\"elementor-widget-container\">\n\t\t\t\t\t\t\t\t\t<p>Entreprise<\/p>\t\t\t\t\t\t\t\t<\/div>\n\t\t\t\t<\/div>\n\t\t\t\t\t<\/div>\n\t\t\t\t<\/div>\n\t\t<div class=\"elementor-element elementor-element-80deb2c e-flex e-con-boxed e-con e-child\" data-id=\"80deb2c\" data-element_type=\"container\" data-settings=\"{&quot;background_background&quot;:&quot;classic&quot;}\">\n\t\t\t\t\t<div class=\"e-con-inner\">\n\t\t\t\t<div class=\"elementor-element elementor-element-5dd527a elementor-widget elementor-widget-image\" data-id=\"5dd527a\" data-element_type=\"widget\" data-widget_type=\"image.default\">\n\t\t\t\t<div class=\"elementor-widget-container\">\n\t\t\t\t\t\t\t\t\t\t\t\t\t\t\t\t<a href=\"https:\/\/baymlerbyg.websnedkerne.dk\/index.php\/services\/tomrerarbejde\/\">\n\t\t\t\t\t\t\t<img fetchpriority=\"high\" decoding=\"async\" width=\"473\" height=\"350\" src=\"https:\/\/baymlerbyg.websnedkerne.dk\/wp-content\/uploads\/2025\/03\/cropped-Baymerbyg-logo.png\" class=\"elementor-animation-grow attachment-large size-large wp-image-31\" alt=\"Logo\" srcset=\"https:\/\/baymlerbyg.websnedkerne.dk\/wp-content\/uploads\/2025\/03\/cropped-Baymerbyg-logo.png 473w, https:\/\/baymlerbyg.websnedkerne.dk\/wp-content\/uploads\/2025\/03\/cropped-Baymerbyg-logo-300x222.png 300w\" sizes=\"(max-width: 473px) 100vw, 473px\" \/>\t\t\t\t\t\t\t\t<\/a>\n\t\t\t\t\t\t\t\t\t\t\t\t\t\t\t<\/div>\n\t\t\t\t<\/div>\n\t\t\t\t<div class=\"elementor-element elementor-element-f3bedc5 elementor-widget elementor-widget-text-editor\" data-id=\"f3bedc5\" data-element_type=\"widget\" data-widget_type=\"text-editor.default\">\n\t\t\t\t<div class=\"elementor-widget-container\">\n\t\t\t\t\t\t\t\t\t<p>T\u00f8mrerarbejde<\/p>\t\t\t\t\t\t\t\t<\/div>\n\t\t\t\t<\/div>\n\t\t\t\t\t<\/div>\n\t\t\t\t<\/div>\n\t\t\t\t<\/div>\n\t\t\t\t<\/div>\n\t\t\t\t<\/div>\n\t\t\t\t<\/div>\n\t\t","protected":false},"excerpt":{"rendered":"<p>Se et udvalg af vores arbejde Kontakt os Vi laver alt inden for t\u00f8mrerfaget Hos Baymler Byg st\u00e5r vi klar til at hj\u00e6lpe dig med alt inden for t\u00f8mrerarbejde \u2013 uanset om du skal have bygget nyt, renoveret eller blot have l\u00f8st en mindre opgave. Vi kombinerer solidt h\u00e5ndv\u00e6rk med kvalitetsmaterialer for at sikre langtidsholdbare [&hellip;]<\/p>\n","protected":false},"author":1,"featured_media":0,"parent":0,"menu_order":0,"comment_status":"closed","ping_status":"closed","template":"","meta":{"footnotes":""},"class_list":["post-66","page","type-page","status-publish","hentry"],"_links":{"self":[{"href":"https:\/\/baymlerbyg.websnedkerne.dk\/index.php\/wp-json\/wp\/v2\/pages\/66","targetHints":{"allow":["GET"]}}],"collection":[{"href":"https:\/\/baymlerbyg.websnedkerne.dk\/index.php\/wp-json\/wp\/v2\/pages"}],"about":[{"href":"https:\/\/baymlerbyg.websnedkerne.dk\/index.php\/wp-json\/wp\/v2\/types\/page"}],"author":[{"embeddable":true,"href":"https:\/\/baymlerbyg.websnedkerne.dk\/index.php\/wp-json\/wp\/v2\/users\/1"}],"replies":[{"embeddable":true,"href":"https:\/\/baymlerbyg.websnedkerne.dk\/index.php\/wp-json\/wp\/v2\/comments?post=66"}],"version-history":[{"count":28,"href":"https:\/\/baymlerbyg.websnedkerne.dk\/index.php\/wp-json\/wp\/v2\/pages\/66\/revisions"}],"predecessor-version":[{"id":1606,"href":"https:\/\/baymlerbyg.websnedkerne.dk\/index.php\/wp-json\/wp\/v2\/pages\/66\/revisions\/1606"}],"wp:attachment":[{"href":"https:\/\/baymlerbyg.websnedkerne.dk\/index.php\/wp-json\/wp\/v2\/media?parent=66"}],"curies":[{"name":"wp","href":"https:\/\/api.w.org\/{rel}","templated":true}]}}